{"id":11,"date":"2010-03-08T18:02:53","date_gmt":"2010-03-08T18:02:53","guid":{"rendered":"http:\/\/www.schwebedeckelkombinat.de\/?page_id=11"},"modified":"2011-04-05T19:53:39","modified_gmt":"2011-04-05T19:53:39","slug":"friendly-fire","status":"publish","type":"page","link":"http:\/\/www.schwebedeckelkombinat.de\/?page_id=11","title":{"rendered":"7. F\u00fcnfjahresplan des SDK Tschaika"},"content":{"rendered":"<p>Unter dem Motto &#8222;der gro\u00dfe Wurf nach vorn&#8220; hat der Vorstand des SDK Tschaika die Leitlinien f\u00fcr die erfolgreiche Arbeit der kommenden H\u00e4lfte der Dekade verabschiedet. Der Genosse Vorsitzende forderte die Anwesenden auf weiter an der Plan\u00fcbererf\u00fcllung der Wurfleistungsnormen zu arbeiten. Trotz einiger Verwirrung durch Einw\u00e4nde des Chefagitators, ob angesichts des Spielziels nicht eine Planunterf\u00fcllung anzustreben sei, wurde unter minutenlangem Applaus beschlossen die durchschnittliche Wurfweite des SDK Tschaika um 23% zu steigern.<br \/>\nAufgrund des fehlenden Trainingsgel\u00e4ndes wurden die Reisebeschr\u00e4nkungen f\u00fcr alle Aktiven des Kombinats bis auf weiters aufgehoben. Es wird jedoch angestrebt am Stammsitz des SDK Tschaika eine angemessene Schwebedeckel-Golf-Anlage zu errichten. Zudem wird eine Kollektivierung der Wurfmittel angestrebt. Dazu werden wir f\u00fcr alle Genossinnen und Genossen individuell gestaltete Schwebedeckel anschaffen. Zur Demonstration der Geschlossenheit sollte zudem bei \u00f6ffentlichen Auftritten auf uniforme Kleidung geachtet werden, die aus hygienischen Gr\u00fcnden allerdings im Privateigentum der Genossen verbleiben darf.<\/p>\n","protected":false},"excerpt":{"rendered":"<p>Unter dem Motto &#8222;der gro\u00dfe Wurf nach vorn&#8220; hat der Vorstand des SDK Tschaika die Leitlinien f\u00fcr die erfolgreiche Arbeit der kommenden H\u00e4lfte der Dekade verabschiedet. Der Genosse Vorsitzende forderte die Anwesenden auf weiter an der Plan\u00fcbererf\u00fcllung der Wurfleistungsnormen zu &hellip; <a href=\"http:\/\/www.schwebedeckelkombinat.de\/?page_id=11\">Weiterlesen <span class=\"meta-nav\">&rarr;<\/span><\/a><\/p>\n","protected":false},"author":1,"featured_media":0,"parent":0,"menu_order":7,"comment_status":"closed","ping_status":"open","template":"","meta":[],"_links":{"self":[{"href":"http:\/\/www.schwebedeckelkombinat.de\/index.php?rest_route=\/wp\/v2\/pages\/11"}],"collection":[{"href":"http:\/\/www.schwebedeckelkombinat.de\/index.php?rest_route=\/wp\/v2\/pages"}],"about":[{"href":"http:\/\/www.schwebedeckelkombinat.de\/index.php?rest_route=\/wp\/v2\/types\/page"}],"author":[{"embeddable":true,"href":"http:\/\/www.schwebedeckelkombinat.de\/index.php?rest_route=\/wp\/v2\/users\/1"}],"replies":[{"embeddable":true,"href":"http:\/\/www.schwebedeckelkombinat.de\/index.php?rest_route=%2Fwp%2Fv2%2Fcomments&post=11"}],"version-history":[{"count":7,"href":"http:\/\/www.schwebedeckelkombinat.de\/index.php?rest_route=\/wp\/v2\/pages\/11\/revisions"}],"predecessor-version":[{"id":142,"href":"http:\/\/www.schwebedeckelkombinat.de\/index.php?rest_route=\/wp\/v2\/pages\/11\/revisions\/142"}],"wp:attachment":[{"href":"http:\/\/www.schwebedeckelkombinat.de\/index.php?rest_route=%2Fwp%2Fv2%2Fmedia&parent=11"}],"curies":[{"name":"wp","href":"https:\/\/api.w.org\/{rel}","templated":true}]}}